{"id":1144,"date":"2023-08-29T14:35:45","date_gmt":"2023-08-29T12:35:45","guid":{"rendered":"https:\/\/web.casaplanas.org\/?page_id=1144"},"modified":"2023-10-05T16:33:44","modified_gmt":"2023-10-05T14:33:44","slug":"cookies","status":"publish","type":"page","link":"https:\/\/casaplanas.org\/en\/cookies\/","title":{"rendered":"Pol\u00edticas de cookies"},"content":{"rendered":"<div data-elementor-type=\"wp-page\" data-elementor-id=\"1144\" class=\"elementor elementor-1144\">\n\t\t\t\t<div class=\"elementor-element elementor-element-5ccb886 e-flex e-con-boxed e-con e-parent\" data-id=\"5ccb886\" data-element_type=\"container\" data-e-type=\"container\" data-settings=\"{&quot;background_background&quot;:&quot;classic&quot;}\">\n\t\t\t\t\t<div class=\"e-con-inner\">\n\t\t<div class=\"elementor-element elementor-element-a34e0c0 e-flex e-con-boxed e-con e-child\" data-id=\"a34e0c0\" data-element_type=\"container\" data-e-type=\"container\">\n\t\t\t\t\t<div class=\"e-con-inner\">\n\t\t\t\t<div class=\"elementor-element elementor-element-aa11177 elementor-widget elementor-widget-heading\" data-id=\"aa11177\" data-element_type=\"widget\" data-e-type=\"widget\" data-widget_type=\"heading.default\">\n\t\t\t\t<div class=\"elementor-widget-container\">\n\t\t\t\t\t<h3 class=\"elementor-heading-title elementor-size-default\">Pol\u00edticas de cookies<\/h3>\t\t\t\t<\/div>\n\t\t\t\t<\/div>\n\t\t\t\t<div class=\"elementor-element elementor-element-a5341b8 elementor-widget elementor-widget-text-editor\" data-id=\"a5341b8\" data-element_type=\"widget\" data-e-type=\"widget\" data-widget_type=\"text-editor.default\">\n\t\t\t\t<div class=\"elementor-widget-container\">\n\t\t\t\t\t\t\t\t\t<h6>\u00bfPARA QU\u00c9 UTILIZAMOS COOKIES Y TRATAMOS DATOS DE NAVEGACI\u00d3N?<\/h6>\nEn esta Web utilizamos cookies.\n<br>\n<br>\nEn caso de utilizar nuestra web sin proceder a la desactivaci\u00f3n de las cookies, manifiesta su consentimiento para la instalaci\u00f3n de las mismas.\n<br>\n<br>\n<strong>\u00bfQu\u00e9 es una cookie?<\/strong>\n<br>\n<br>\nUna cookie es un fichero que las webs transfieren a los equipos que se conectan a ellas. Si bien a menudo los prop\u00f3sitos de las cookies son s\u00f3lo t\u00e9cnicos, tambi\u00e9n pueden permitir, entre otras cosas, almacenar y recuperar informaci\u00f3n sobre los h\u00e1bitos de navegaci\u00f3n de un usuario o de su equipo y, dependiendo de la informaci\u00f3n que contengan y de la forma en que utilice su equipo, utilizarse para reconocer al usuario.\n<br>\n<br>\nExisten cookies que son controladas y gestionadas por el propio titular de la Web (son llamadas \u201ccookies propias\u201d) y otras que lo son por terceros (son conocidas como \u201ccookies de terceros\u201d), por ejemplo, porque estos proporcionan una herramienta o una funcionalidad integrada a la web.\n<br>\n<br>\nCiertas cookies se cancelan una vez finalizada la navegaci\u00f3n en la web (cookies de sesi\u00f3n) mientras que otras pueden seguir almacenadas en el equipo de los usuarios y ser accedidas por un periodo m\u00e1s largo (cookies persistentes).\n<br>\n<br>\n<strong>\u00bfQu\u00e9 tipo de cookies utilizamos y para qu\u00e9?<\/strong>\n<br>\n<br>\nEn est\u00e1 Web utilizamos el siguiente tipo de cookies:\n<br>\n<br>\n&#8211; Cookies t\u00e9cnicas o indispensables a la prestaci\u00f3n de los servicios\nUtilizamos cookies t\u00e9cnicas para poder prestar los servicios solicitados por nuestros usuarios. Estas cookies son indispensables para la navegaci\u00f3n y la utilizaci\u00f3n de las diferentes opciones y servicios de la web, como, por ejemplo, controlar el tr\u00e1fico y la comunicaci\u00f3n de datos, identificar la sesi\u00f3n, acceder a partes de acceso restringido, utilizar elementos de seguridad durante la navegaci\u00f3n, almacenar contenidos para la difusi\u00f3n de videos o sonidos o compartir contenidos a trav\u00e9s de redes sociales.\n<br>\n<br>\n-Cookies de personalizaci\u00f3n\nCon el fin de optimizar la experiencia de uso de nuestra web, utilizamos cookies de personalizaci\u00f3n que nos permiten configurar la web y sus servicios acorde a las preferencias del usuario o a caracter\u00edsticas generales de su equipo, por ejemplo, el navegador utilizado y su versi\u00f3n, el sistema operativo instalado, etc.\n<br>\n<br>\nEstas cookies se utilizan para, por ejemplo, recordar los par\u00e1metros que fueron elegidos por el usuario durante sus visitas, orientar el contenido de la web en funci\u00f3n de su idioma o ubicaci\u00f3n o mantener el estado acreditado de los usuarios registrados.\n<br>\n<br>\n-Cookies de an\u00e1lisis\nLas cookies de an\u00e1lisis permiten medir y analizar la actividad de los sitios web y elaborar perfiles de navegaci\u00f3n de los usuarios.\n<br>\n<br>\nUtilizamos las cookies de GOOGLE ANALYTICS para recopilar estad\u00edsticas an\u00f3nimas y conjuntas que nos permitan comprender la forma en que los usuarios utilizan nuestra web, con el fin de mejorarla y ajustarla a las preferencias de nuestros visitantes.\n<br>\n<br>\nGOOGLE ANALYTICS es una herramienta provista por la empresa Google, Inc., 1600 Amphitheatre Parkway. Mountain View, CA 94043. EE.UU. Puede obtener m\u00e1s informaci\u00f3n sobre el funcionamiento de GOOGLE ANALYTICS y las cookies utilizadas por este servicio en los siguientes enlaces:\n<br>\n<br>\n<a class=\"body_link\" href=\"https:\/\/support.google.com\/analytics\/answer\/6004245\" target=\"_self\" rel=\"noopener\">https:\/\/support.google.com\/analytics\/answer\/6004245<\/a>\n<a class=\"body_link\" href=\"http:\/\/www.google.com\/intl\/es\/policies\/privacy\/\" target=\"_self\" rel=\"noopener\">http:\/\/www.google.com\/intl\/es\/policies\/privacy\/<\/a>\n<br>\n<br>\nPuede desactivar las cookies de GOOGLE ANALYTICS mediante la instalaci\u00f3n en su navegador del complemento de inhabilitaci\u00f3n creado por Google y disponible en el siguiente enlace: https:\/\/tools.google.com\/dlpage\/gaoptout?hl=es\n<br>\n<br>\nT\u00edpicamente los datos derivados de su navegaci\u00f3n que pueden ser objeto de an\u00e1lisis son los siguientes:\n<br>\n<br>\nEl nombre de dominio del proveedor (PSI) y\/o direcci\u00f3n IP que les da acceso a la red. Por ejemplo, un usuario del proveedor xxx s\u00f3lo estar\u00e1 identificado con el dominio xxx.es y\/o la direcci\u00f3n IP. De esta manera podemos elaborar estad\u00edsticas sobre los pa\u00edses y servidores que visitan m\u00e1s a menudo nuestro web.\nLa fecha y hora de acceso a nuestro web. Ello nos permite averiguar las horas de m\u00e1s afluencia, y hacer los ajustes precisos para evitar problemas de saturaci\u00f3n en nuestras horas punta.\nLa direcci\u00f3n de internet desde la que parti\u00f3 el link que dirige a nuestro web. Gracias a este dato, podemos conocer la efectividad de los distintos banners y enlaces que apuntan a nuestro servidor, con el fin de potenciar los que ofrezcan mejores resultados.\nEl n\u00famero de visitantes diarios de cada secci\u00f3n. Ello nos permite conocer las \u00e1reas de m\u00e1s \u00e9xito y aumentar y mejorar su contenido, con el fin de que los usuarios obtengan un resultado m\u00e1s satisfactorio.\n<br>\n<br>\n<strong>\u00bfSon an\u00f3nimas las cookies?<\/strong>\n<br>\n<br>\nLas cookies no contienen informaci\u00f3n que permita por s\u00ed sola identificar a un usuario concreto. Respecto a nosotros, la informaci\u00f3n obtenida s\u00f3lo podr\u00e1 ser asociada a un usuario concreto en caso de que dicho usuario est\u00e9 identificado en la web. De ser as\u00ed, dichos datos ser\u00e1n tratados de conformidad la pol\u00edtica de privacidad de la Web, cumpliendo en todo momento con las exigencias de la normativa vigente en materia de protecci\u00f3n de datos de car\u00e1cter personal. En cualquier momento los usuarios afectados podr\u00e1n ejercitar su derecho a acceder, rectificar y suprimir los datos, as\u00ed como otros derechos como se explica en la citada pol\u00edtica de privacidad.\n<br>\n<br>\n<strong>\u00bfC\u00f3mo puedo gestionar las cookies?<\/strong>\n<br>\n<br>\nLos usuarios de la web tienen la opci\u00f3n de no recibir cookies, borrarlas o de ser informados acerca de su fijaci\u00f3n mediante la configuraci\u00f3n de su navegador. Para saber c\u00f3mo gestionar las cookies en su navegador, le invitamos a que consulte la ayuda del mismo.\n<br>\n<br>\nPara su comodidad, a continuaci\u00f3n encontrar\u00e1 informaci\u00f3n proporcionada por los desarrolladores de los principales navegadores sobre la gesti\u00f3n de cookies:\n<br>\n<br>\nChrome, <a class=\"body_link\" href=\"https:\/\/support.google.com\/chrome\/answer\/95647?hl=es\" target=\"_self\" rel=\"noopener\"> https:\/\/support.google.com\/chrome\/answer\/95647?hl=es<\/a>\nExplorer, <a class=\"body_link\" href=\"http:\/\/windows.microsoft.com\/es-es\/windows-vista\/block-or-allow-cookies\" target=\"_self\" rel=\"noopener\"> http:\/\/windows.microsoft.com\/es-es\/windows-vista\/block-or-allow-cookies<\/a>\nFirefox, <a class=\"body_link\" href=\"http:\/\/support.mozilla.org\/es\/kb\/habilitar-y-deshabilitar-cookies-que-los-sitios-we\" target=\"_self\" rel=\"noopener\"> http:\/\/support.mozilla.org\/es\/kb\/habilitar-y-deshabilitar-cookies-que-los-sitios-we<\/a>\nSafari, <a class=\"body_link\" href=\"https:\/\/support.apple.com\/kb\/index?q=manage+cookies&amp;src=globalnav_support&amp;type=organic&amp;page=search&amp;locale=es_ES\" target=\"_self\" rel=\"noopener\">https:\/\/support.apple.com\/kb\/index?q=manage+cookies&amp;src=globalnav_support&amp;type=organic&amp;page=search&amp;locale=es_ES<\/a>\nEn caso de desactivar las cookies, es posible que no pueda hacer uso de todas las funcionalidades de la web.\n<br>\n<br>\nPara inhabilitar el uso de cookies publicitarias de terceros, los usuarios pueden igualmente visitar la p\u00e1gina de inhabilitaci\u00f3n de la Iniciativa publicitaria de la red (NAI, Network Advertising Initiative. P\u00e1gina en ingl\u00e9s: <a class=\"body_link\" href=\"http:\/\/www.networkadvertising.org\/managing\/opt_out.asp\" target=\"_self\" rel=\"noopener\">http:\/\/www.networkadvertising.org\/managing\/opt_out.asp<\/a>\t\t\t\t\t\t\t\t<\/div>\n\t\t\t\t<\/div>\n\t\t\t\t\t<\/div>\n\t\t\t\t<\/div>\n\t\t\t\t\t<\/div>\n\t\t\t\t<\/div>\n\t\t<div class=\"elementor-element elementor-element-e63156c e-flex e-con-boxed e-con e-parent\" data-id=\"e63156c\" data-element_type=\"container\" data-e-type=\"container\">\n\t\t\t\t\t<div class=\"e-con-inner\">\n\t\t\t\t<div class=\"elementor-element elementor-element-7b0ae8e elementor-widget-divider--view-line elementor-widget elementor-widget-divider\" data-id=\"7b0ae8e\" data-element_type=\"widget\" data-e-type=\"widget\" data-widget_type=\"divider.default\">\n\t\t\t\t<div class=\"elementor-widget-container\">\n\t\t\t\t\t\t\t<div class=\"elementor-divider\">\n\t\t\t<span class=\"elementor-divider-separator\">\n\t\t\t\t\t\t<\/span>\n\t\t<\/div>\n\t\t\t\t\t\t<\/div>\n\t\t\t\t<\/div>\n\t\t\t\t\t<\/div>\n\t\t\t\t<\/div>\n\t\t\t\t<\/div>","protected":false},"excerpt":{"rendered":"<p>Pol\u00edticas de cookies \u00bfPARA QU\u00c9 UTILIZAMOS COOKIES Y TRATAMOS DATOS DE NAVEGACI\u00d3N? En esta Web utilizamos cookies. En caso de utilizar nuestra web sin proceder a la desactivaci\u00f3n de las cookies, manifiesta su consentimiento para la instalaci\u00f3n de las mismas. \u00bfQu\u00e9 es una cookie? Una cookie es un fichero que las webs transfieren a los [&hellip;]<\/p>\n","protected":false},"author":2,"featured_media":0,"parent":0,"menu_order":0,"comment_status":"closed","ping_status":"closed","template":"","meta":{"site-sidebar-layout":"no-sidebar","site-content-layout":"page-builder","ast-site-content-layout":"default","site-content-style":"default","site-sidebar-style":"default","ast-global-header-display":"","ast-banner-title-visibility":"","ast-main-header-display":"","ast-hfb-above-header-display":"","ast-hfb-below-header-display":"","ast-hfb-mobile-header-display":"","site-post-title":"disabled","ast-breadcrumbs-content":"","ast-featured-img":"disabled","footer-sml-layout":"","ast-disable-related-posts":"","theme-transparent-header-meta":"","adv-header-id-meta":"","stick-header-meta":"","header-above-stick-meta":"","header-main-stick-meta":"","header-below-stick-meta":"","astra-migrate-meta-layouts":"set","ast-page-background-enabled":"default","ast-page-background-meta":{"desktop":{"background-color":"","background-image":"","background-repeat":"repeat","background-position":"center center","background-size":"auto","background-attachment":"scroll","background-type":"","background-media":"","overlay-type":"","overlay-color":"","overlay-opacity":"","overlay-gradient":""},"tablet":{"background-color":"","background-image":"","background-repeat":"repeat","background-position":"center center","background-size":"auto","background-attachment":"scroll","background-type":"","background-media":"","overlay-type":"","overlay-color":"","overlay-opacity":"","overlay-gradient":""},"mobile":{"background-color":"","background-image":"","background-repeat":"repeat","background-position":"center center","background-size":"auto","background-attachment":"scroll","background-type":"","background-media":"","overlay-type":"","overlay-color":"","overlay-opacity":"","overlay-gradient":""}},"ast-content-background-meta":{"desktop":{"background-color":"var(--ast-global-color-5)","background-image":"","background-repeat":"repeat","background-position":"center center","background-size":"auto","background-attachment":"scroll","background-type":"","background-media":"","overlay-type":"","overlay-color":"","overlay-opacity":"","overlay-gradient":""},"tablet":{"background-color":"var(--ast-global-color-5)","background-image":"","background-repeat":"repeat","background-position":"center center","background-size":"auto","background-attachment":"scroll","background-type":"","background-media":"","overlay-type":"","overlay-color":"","overlay-opacity":"","overlay-gradient":""},"mobile":{"background-color":"var(--ast-global-color-5)","background-image":"","background-repeat":"repeat","background-position":"center center","background-size":"auto","background-attachment":"scroll","background-type":"","background-media":"","overlay-type":"","overlay-color":"","overlay-opacity":"","overlay-gradient":""}},"footnotes":""},"class_list":["post-1144","page","type-page","status-publish","hentry"],"jetpack_sharing_enabled":true,"_links":{"self":[{"href":"https:\/\/casaplanas.org\/en\/wp-json\/wp\/v2\/pages\/1144","targetHints":{"allow":["GET"]}}],"collection":[{"href":"https:\/\/casaplanas.org\/en\/wp-json\/wp\/v2\/pages"}],"about":[{"href":"https:\/\/casaplanas.org\/en\/wp-json\/wp\/v2\/types\/page"}],"author":[{"embeddable":true,"href":"https:\/\/casaplanas.org\/en\/wp-json\/wp\/v2\/users\/2"}],"replies":[{"embeddable":true,"href":"https:\/\/casaplanas.org\/en\/wp-json\/wp\/v2\/comments?post=1144"}],"version-history":[{"count":89,"href":"https:\/\/casaplanas.org\/en\/wp-json\/wp\/v2\/pages\/1144\/revisions"}],"predecessor-version":[{"id":29472,"href":"https:\/\/casaplanas.org\/en\/wp-json\/wp\/v2\/pages\/1144\/revisions\/29472"}],"wp:attachment":[{"href":"https:\/\/casaplanas.org\/en\/wp-json\/wp\/v2\/media?parent=1144"}],"curies":[{"name":"wp","href":"https:\/\/api.w.org\/{rel}","templated":true}]}}