{"id":25823,"date":"2023-09-18T10:41:27","date_gmt":"2023-09-18T08:41:27","guid":{"rendered":"https:\/\/web.casaplanas.org\/?page_id=25823"},"modified":"2024-01-16T11:00:14","modified_gmt":"2024-01-16T10:00:14","slug":"camera-oberta","status":"publish","type":"page","link":"https:\/\/casaplanas.org\/cat\/agenda\/camera-oberta\/","title":{"rendered":"Camera Oberta"},"content":{"rendered":"<div data-elementor-type=\"wp-page\" data-elementor-id=\"25823\" class=\"elementor elementor-25823\">\n\t\t\t\t<div class=\"elementor-element elementor-element-41855eb bg-parallax e-flex e-con-boxed e-con e-parent\" data-id=\"41855eb\" data-element_type=\"container\" data-e-type=\"container\" data-settings=\"{&quot;background_background&quot;:&quot;classic&quot;}\">\n\t\t\t\t\t<div class=\"e-con-inner\">\n\t\t<div class=\"elementor-element elementor-element-58d10a9 e-con-full e-flex e-con e-child\" data-id=\"58d10a9\" data-element_type=\"container\" data-e-type=\"container\" data-settings=\"{&quot;background_background&quot;:&quot;classic&quot;}\">\n\t\t\t\t<div class=\"elementor-element elementor-element-44a07b0 elementor-widget__width-inherit elementor-widget elementor-widget-heading\" data-id=\"44a07b0\" data-element_type=\"widget\" data-e-type=\"widget\" data-widget_type=\"heading.default\">\n\t\t\t\t<div class=\"elementor-widget-container\">\n\t\t\t\t\t<h1 class=\"elementor-heading-title elementor-size-default\">Territori de reflexi\u00f3, debat i aprenentatge<\/h1>\t\t\t\t<\/div>\n\t\t\t\t<\/div>\n\t\t\t\t<div class=\"elementor-element elementor-element-bf7ff43 elementor-widget elementor-widget-heading\" data-id=\"bf7ff43\" data-element_type=\"widget\" data-e-type=\"widget\" data-widget_type=\"heading.default\">\n\t\t\t\t<div class=\"elementor-widget-container\">\n\t\t\t\t\t<h3 class=\"elementor-heading-title elementor-size-default\">Modera: Bel\u00e9n Iniesta<\/h3>\t\t\t\t<\/div>\n\t\t\t\t<\/div>\n\t\t\t\t<\/div>\n\t\t\t\t\t<\/div>\n\t\t\t\t<\/div>\n\t\t<div class=\"elementor-element elementor-element-a15f873 e-con-full e-flex e-con e-parent\" data-id=\"a15f873\" data-element_type=\"container\" data-e-type=\"container\">\n\t\t<div class=\"elementor-element elementor-element-7e8403e e-flex e-con-boxed e-con e-child\" data-id=\"7e8403e\" data-element_type=\"container\" data-e-type=\"container\">\n\t\t\t\t\t<div class=\"e-con-inner\">\n\t\t<div class=\"elementor-element elementor-element-817f601 e-flex e-con-boxed e-con e-child\" data-id=\"817f601\" data-element_type=\"container\" data-e-type=\"container\">\n\t\t\t\t\t<div class=\"e-con-inner\">\n\t\t\t\t<div class=\"elementor-element elementor-element-cfed3b9 elementor-widget elementor-widget-heading\" data-id=\"cfed3b9\" data-element_type=\"widget\" data-e-type=\"widget\" data-widget_type=\"heading.default\">\n\t\t\t\t<div class=\"elementor-widget-container\">\n\t\t\t\t\t<h2 class=\"elementor-heading-title elementor-size-default\">C\u00e0mera  Oberta<\/h2>\t\t\t\t<\/div>\n\t\t\t\t<\/div>\n\t\t\t\t\t<\/div>\n\t\t\t\t<\/div>\n\t\t\t\t<div class=\"elementor-element elementor-element-a58f0fc elementor-widget elementor-widget-heading\" data-id=\"a58f0fc\" data-element_type=\"widget\" data-e-type=\"widget\" data-widget_type=\"heading.default\">\n\t\t\t\t<div class=\"elementor-widget-container\">\n\t\t\t\t\t<h4 class=\"elementor-heading-title elementor-size-large\">Des de Casa Planas organitzem una s\u00e8rie de debats i trobades entre artistes, makers i creatius per a parlar sobre la imatge i la cultura contempor\u00e0nia. Un nou programa dirigit a establir espais de di\u00e0leg i aprenentatge com a grup d'estudi obert.<\/h4>\t\t\t\t<\/div>\n\t\t\t\t<\/div>\n\t\t\t\t<div class=\"elementor-element elementor-element-0e56e4e elementor-widget elementor-widget-text-editor\" data-id=\"0e56e4e\" data-element_type=\"widget\" data-e-type=\"widget\" data-widget_type=\"text-editor.default\">\n\t\t\t\t<div class=\"elementor-widget-container\">\n\t\t\t\t\t\t\t\t\t<p><span style=\"font-weight: 400;\">L\u2019edici\u00f3 2023 del C\u00e0mera Oberta ha estat subvencionada pel Departament de Cultura, Patrimoni i Pol\u00edtica Ling\u00fc\u00edstica del Consell de Mallorca.<\/span><\/p>\t\t\t\t\t\t\t\t<\/div>\n\t\t\t\t<\/div>\n\t\t\t\t\t<\/div>\n\t\t\t\t<\/div>\n\t\t\t\t<\/div>\n\t\t<div class=\"elementor-element elementor-element-396548f e-con-full e-flex e-con e-parent\" data-id=\"396548f\" data-element_type=\"container\" data-e-type=\"container\">\n\t\t<div class=\"elementor-element elementor-element-501794a e-flex e-con-boxed e-con e-child\" data-id=\"501794a\" data-element_type=\"container\" data-e-type=\"container\">\n\t\t\t\t\t<div class=\"e-con-inner\">\n\t\t<div class=\"elementor-element elementor-element-570ca92 e-con-full e-flex e-con e-child\" data-id=\"570ca92\" data-element_type=\"container\" data-e-type=\"container\">\n\t\t<div class=\"elementor-element elementor-element-741728c e-con-full e-flex e-con e-child\" data-id=\"741728c\" data-element_type=\"container\" data-e-type=\"container\" data-settings=\"{&quot;background_background&quot;:&quot;classic&quot;}\">\n\t\t\t\t<div class=\"elementor-element elementor-element-2c5a0c0 elementor-widget__width-initial elementor-widget elementor-widget-text-editor\" data-id=\"2c5a0c0\" data-element_type=\"widget\" data-e-type=\"widget\" data-widget_type=\"text-editor.default\">\n\t\t\t\t<div class=\"elementor-widget-container\">\n\t\t\t\t\t\t\t\t\t<p><strong>27.01.23<\/strong> Imatge contra imatge<br \/><strong>17.02.23<\/strong> Imatge anal\u00f2gica<br \/><strong>31.03.23<\/strong> Imatge i imaginari<br \/><strong>21.04. 23<\/strong> Imatge invisible<br \/><strong>19.05.23<\/strong> Imatge i moviment<br \/><strong>23.06.23<\/strong> Imatge i arxiu familiar<br \/><strong>21.07.23<\/strong> Imatge i m\u00e0gia<br \/><strong>22.09.23<\/strong> Imatge i ego<br \/><strong>20.10.23<\/strong> Imatge i temps<br \/><strong>24.11.23<\/strong> Imatge i col\u00b7lectiu<br \/><strong>20.10.23<\/strong> Imatge i temps<br \/><strong>24.11.23<\/strong> Imatge i col\u00b7lectiu<\/p>\t\t\t\t\t\t\t\t<\/div>\n\t\t\t\t<\/div>\n\t\t\t\t<\/div>\n\t\t\t\t<\/div>\n\t\t<div class=\"elementor-element elementor-element-cc597c4 e-flex e-con-boxed e-con e-child\" data-id=\"cc597c4\" data-element_type=\"container\" data-e-type=\"container\">\n\t\t\t\t\t<div class=\"e-con-inner\">\n\t\t\t\t<div class=\"elementor-element elementor-element-b7c5737 elementor-widget elementor-widget-image\" data-id=\"b7c5737\" data-element_type=\"widget\" data-e-type=\"widget\" data-widget_type=\"image.default\">\n\t\t\t\t<div class=\"elementor-widget-container\">\n\t\t\t\t\t\t\t\t\t\t\t\t\t\t\t<img fetchpriority=\"high\" decoding=\"async\" width=\"300\" height=\"300\" src=\"https:\/\/casaplanas.org\/wp-content\/uploads\/2023\/09\/logo_consell-1.jpg\" class=\"attachment-medium size-medium wp-image-28340\" alt=\"\" srcset=\"https:\/\/casaplanas.org\/wp-content\/uploads\/2023\/09\/logo_consell-1.jpg 300w, https:\/\/casaplanas.org\/wp-content\/uploads\/2023\/09\/logo_consell-1-150x150.jpg 150w\" sizes=\"(max-width: 300px) 100vw, 300px\" \/>\t\t\t\t\t\t\t\t\t\t\t\t\t\t\t<\/div>\n\t\t\t\t<\/div>\n\t\t\t\t\t<\/div>\n\t\t\t\t<\/div>\n\t\t\t\t\t<\/div>\n\t\t\t\t<\/div>\n\t\t\t\t<\/div>\n\t\t<div class=\"elementor-element elementor-element-706fc73 e-con-full e-flex e-con e-parent\" data-id=\"706fc73\" data-element_type=\"container\" data-e-type=\"container\">\n\t\t<div class=\"elementor-element elementor-element-d070350 parallax e-con-full e-flex e-con e-child\" data-id=\"d070350\" data-element_type=\"container\" data-e-type=\"container\" data-settings=\"{&quot;background_background&quot;:&quot;classic&quot;}\">\n\t\t\t\t<div class=\"elementor-element elementor-element-2671d6c elementor-widget-divider--view-line elementor-widget elementor-widget-divider\" data-id=\"2671d6c\" data-element_type=\"widget\" data-e-type=\"widget\" data-widget_type=\"divider.default\">\n\t\t\t\t<div class=\"elementor-widget-container\">\n\t\t\t\t\t\t\t<div class=\"elementor-divider\">\n\t\t\t<span class=\"elementor-divider-separator\">\n\t\t\t\t\t\t<\/span>\n\t\t<\/div>\n\t\t\t\t\t\t<\/div>\n\t\t\t\t<\/div>\n\t\t\t\t<div class=\"elementor-element elementor-element-0ce0a82 elementor-widget-divider--view-line elementor-widget elementor-widget-divider\" data-id=\"0ce0a82\" data-element_type=\"widget\" data-e-type=\"widget\" data-widget_type=\"divider.default\">\n\t\t\t\t<div class=\"elementor-widget-container\">\n\t\t\t\t\t\t\t<div class=\"elementor-divider\">\n\t\t\t<span class=\"elementor-divider-separator\">\n\t\t\t\t\t\t<\/span>\n\t\t<\/div>\n\t\t\t\t\t\t<\/div>\n\t\t\t\t<\/div>\n\t\t\t\t<\/div>\n\t\t\t\t<\/div>\n\t\t\t\t<\/div>","protected":false},"excerpt":{"rendered":"<p>Territorio de reflexi\u00f3n, debate y aprendizaje Modera: Bel\u00e9n Iniesta C\u00e0mera Oberta Desde Casa Planas organizamos una serie de debates y encuentros entre artistas, makers y creativos para hablar sobre la imagen y la cultura contempor\u00e1nea. Un nuevo programa dirigido a establecer espacios de di\u00e1logo y aprendizaje como un grupo de estudio abierto. La edici\u00f3n 2023 [&hellip;]<\/p>\n","protected":false},"author":2,"featured_media":0,"parent":25390,"menu_order":0,"comment_status":"closed","ping_status":"closed","template":"","meta":{"site-sidebar-layout":"default","site-content-layout":"","ast-site-content-layout":"default","site-content-style":"default","site-sidebar-style":"default","ast-global-header-display":"","ast-banner-title-visibility":"","ast-main-header-display":"","ast-hfb-above-header-display":"","ast-hfb-below-header-display":"","ast-hfb-mobile-header-display":"","site-post-title":"","ast-breadcrumbs-content":"","ast-featured-img":"","footer-sml-layout":"","ast-disable-related-posts":"","theme-transparent-header-meta":"","adv-header-id-meta":"","stick-header-meta":"","header-above-stick-meta":"","header-main-stick-meta":"","header-below-stick-meta":"","astra-migrate-meta-layouts":"default","ast-page-background-enabled":"default","ast-page-background-meta":{"desktop":{"background-color":"","background-image":"","background-repeat":"repeat","background-position":"center center","background-size":"auto","background-attachment":"scroll","background-type":"","background-media":"","overlay-type":"","overlay-color":"","overlay-opacity":"","overlay-gradient":""},"tablet":{"background-color":"","background-image":"","background-repeat":"repeat","background-position":"center center","background-size":"auto","background-attachment":"scroll","background-type":"","background-media":"","overlay-type":"","overlay-color":"","overlay-opacity":"","overlay-gradient":""},"mobile":{"background-color":"","background-image":"","background-repeat":"repeat","background-position":"center center","background-size":"auto","background-attachment":"scroll","background-type":"","background-media":"","overlay-type":"","overlay-color":"","overlay-opacity":"","overlay-gradient":""}},"ast-content-background-meta":{"desktop":{"background-color":"var(--ast-global-color-5)","background-image":"","background-repeat":"repeat","background-position":"center center","background-size":"auto","background-attachment":"scroll","background-type":"","background-media":"","overlay-type":"","overlay-color":"","overlay-opacity":"","overlay-gradient":""},"tablet":{"background-color":"var(--ast-global-color-5)","background-image":"","background-repeat":"repeat","background-position":"center center","background-size":"auto","background-attachment":"scroll","background-type":"","background-media":"","overlay-type":"","overlay-color":"","overlay-opacity":"","overlay-gradient":""},"mobile":{"background-color":"var(--ast-global-color-5)","background-image":"","background-repeat":"repeat","background-position":"center center","background-size":"auto","background-attachment":"scroll","background-type":"","background-media":"","overlay-type":"","overlay-color":"","overlay-opacity":"","overlay-gradient":""}},"footnotes":""},"class_list":["post-25823","page","type-page","status-publish","hentry"],"jetpack_sharing_enabled":true,"_links":{"self":[{"href":"https:\/\/casaplanas.org\/cat\/wp-json\/wp\/v2\/pages\/25823","targetHints":{"allow":["GET"]}}],"collection":[{"href":"https:\/\/casaplanas.org\/cat\/wp-json\/wp\/v2\/pages"}],"about":[{"href":"https:\/\/casaplanas.org\/cat\/wp-json\/wp\/v2\/types\/page"}],"author":[{"embeddable":true,"href":"https:\/\/casaplanas.org\/cat\/wp-json\/wp\/v2\/users\/2"}],"replies":[{"embeddable":true,"href":"https:\/\/casaplanas.org\/cat\/wp-json\/wp\/v2\/comments?post=25823"}],"version-history":[{"count":76,"href":"https:\/\/casaplanas.org\/cat\/wp-json\/wp\/v2\/pages\/25823\/revisions"}],"predecessor-version":[{"id":30597,"href":"https:\/\/casaplanas.org\/cat\/wp-json\/wp\/v2\/pages\/25823\/revisions\/30597"}],"up":[{"embeddable":true,"href":"https:\/\/casaplanas.org\/cat\/wp-json\/wp\/v2\/pages\/25390"}],"wp:attachment":[{"href":"https:\/\/casaplanas.org\/cat\/wp-json\/wp\/v2\/media?parent=25823"}],"curies":[{"name":"wp","href":"https:\/\/api.w.org\/{rel}","templated":true}]}}